{"id":529,"date":"2021-10-20T00:05:28","date_gmt":"2021-10-19T22:05:28","guid":{"rendered":"http:\/\/elaskreativecke.de\/?page_id=529"},"modified":"2021-10-20T11:14:07","modified_gmt":"2021-10-20T09:14:07","slug":"kissen","status":"publish","type":"page","link":"https:\/\/elaskreativecke.de\/?page_id=529","title":{"rendered":"Kissen"},"content":{"rendered":"\n<p><\/p>\n\n\n\n<p class=\"has-medium-font-size\">Eine aktuelle Auswahl an Stoffen f\u00fcr meine Produkte erhalten Sie auf Anfrage.<\/p>\n\n\n\n<p><br><\/p>\n\n\n\n<h2 class=\"wp-block-heading\">Leseknochen<\/h2>\n\n\n\n<div class=\"wp-block-columns are-vertically-aligned-top is-layout-flex wp-container-core-columns-layout-1 wp-block-columns-is-layout-flex\">\n<div class=\"wp-block-column is-vertically-aligned-top is-layout-flow wp-block-column-is-layout-flow\">\n<div class=\"wp-block-image is-style-default\"><figure class=\"aligncenter size-large is-resized\"><a href=\"http:\/\/elaskreativecke.de\/wp-content\/uploads\/2021\/10\/Leseknochen_10.jpg\"><img loading=\"lazy\" decoding=\"async\" src=\"http:\/\/elaskreativecke.de\/wp-content\/uploads\/2021\/10\/Leseknochen_10-753x1024.jpg\" alt=\"\" class=\"wp-image-498\" width=\"296\" height=\"400\"\/><\/a><\/figure><\/div>\n<\/div>\n\n\n\n<div class=\"wp-block-column is-vertically-aligned-top is-layout-flow wp-block-column-is-layout-flow\">\n<div class=\"wp-block-image is-style-default\"><figure class=\"aligncenter size-large is-resized\"><a href=\"http:\/\/elaskreativecke.de\/wp-content\/uploads\/2021\/10\/Leseknochen_11.jpg\"><img loading=\"lazy\" decoding=\"async\" src=\"http:\/\/elaskreativecke.de\/wp-content\/uploads\/2021\/10\/Leseknochen_11-1024x461.jpg\" alt=\"\" class=\"wp-image-499\" width=\"889\" height=\"400\" srcset=\"https:\/\/elaskreativecke.de\/wp-content\/uploads\/2021\/10\/Leseknochen_11-1024x461.jpg 1024w, https:\/\/elaskreativecke.de\/wp-content\/uploads\/2021\/10\/Leseknochen_11-300x135.jpg 300w, https:\/\/elaskreativecke.de\/wp-content\/uploads\/2021\/10\/Leseknochen_11-768x346.jpg 768w, https:\/\/elaskreativecke.de\/wp-content\/uploads\/2021\/10\/Leseknochen_11-1140x513.jpg 1140w, https:\/\/elaskreativecke.de\/wp-content\/uploads\/2021\/10\/Leseknochen_11.jpg 1440w\" sizes=\"(max-width: 889px) 100vw, 889px\" \/><\/a><\/figure><\/div>\n<\/div>\n<\/div>\n\n\n\n<p><br><\/p>\n\n\n\n<h2 class=\"wp-block-heading\">personalisierte Kissen<\/h2>\n\n\n\n<div class=\"wp-block-image is-style-default\"><figure class=\"aligncenter size-large is-resized\"><a href=\"http:\/\/elaskreativecke.de\/wp-content\/uploads\/2021\/10\/PERS_KISSEN_10.jpg\"><img loading=\"lazy\" decoding=\"async\" src=\"http:\/\/elaskreativecke.de\/wp-content\/uploads\/2021\/10\/PERS_KISSEN_10-689x1024.jpg\" alt=\"\" class=\"wp-image-503\" width=\"268\" height=\"400\" srcset=\"https:\/\/elaskreativecke.de\/wp-content\/uploads\/2021\/10\/PERS_KISSEN_10-202x300.jpg 202w, https:\/\/elaskreativecke.de\/wp-content\/uploads\/2021\/10\/PERS_KISSEN_10-768x1142.jpg 768w, https:\/\/elaskreativecke.de\/wp-content\/uploads\/2021\/10\/PERS_KISSEN_10.jpg 1076w\" sizes=\"(max-width: 268px) 100vw, 268px\" \/><\/a><\/figure><\/div>\n\n\n\n<p><br><\/p>\n\n\n\n<h2 class=\"wp-block-heading\">M\u00e4nnerkissen: das Kissen das nichts vermissen l\u00e4sst<\/h2>\n\n\n\n<div class=\"wp-block-image is-style-default\"><figure class=\"aligncenter size-medium is-resized\"><a href=\"http:\/\/elaskreativecke.de\/wp-content\/uploads\/2020\/05\/kissen_1-e1590134777144.jpg\"><img loading=\"lazy\" decoding=\"async\" src=\"http:\/\/elaskreativecke.de\/wp-content\/uploads\/2020\/05\/kissen_1-300x215.jpg\" alt=\"Kissen\" class=\"wp-image-119\" width=\"557\" height=\"400\"\/><\/a><\/figure><\/div>\n\n\n\n<p><br><\/p>\n\n\n\n<h2 class=\"wp-block-heading\">Kissenbez\u00fcge<\/h2>\n\n\n\n<div class=\"wp-block-image is-style-default\"><figure class=\"aligncenter size-medium is-resized\"><a href=\"http:\/\/elaskreativecke.de\/wp-content\/uploads\/2020\/07\/Kissenbezug_11.jpg\"><img loading=\"lazy\" decoding=\"async\" src=\"http:\/\/elaskreativecke.de\/wp-content\/uploads\/2020\/07\/Kissenbezug_11-300x225.jpg\" alt=\"Kissenbezug\" class=\"wp-image-422\" width=\"533\" height=\"400\" srcset=\"https:\/\/elaskreativecke.de\/wp-content\/uploads\/2020\/07\/Kissenbezug_11-300x225.jpg 300w, https:\/\/elaskreativecke.de\/wp-content\/uploads\/2020\/07\/Kissenbezug_11-1024x768.jpg 1024w, https:\/\/elaskreativecke.de\/wp-content\/uploads\/2020\/07\/Kissenbezug_11-768x576.jpg 768w, https:\/\/elaskreativecke.de\/wp-content\/uploads\/2020\/07\/Kissenbezug_11-1536x1152.jpg 1536w, https:\/\/elaskreativecke.de\/wp-content\/uploads\/2020\/07\/Kissenbezug_11-1140x855.jpg 1140w, https:\/\/elaskreativecke.de\/wp-content\/uploads\/2020\/07\/Kissenbezug_11.jpg 1600w\" sizes=\"(max-width: 533px) 100vw, 533px\" \/><\/a><\/figure><\/div>\n","protected":false},"excerpt":{"rendered":"<p>Eine aktuelle Auswahl an Stoffen f\u00fcr meine Produkte erhalten Sie auf Anfrage. Leseknochen personalisierte Kissen M\u00e4nnerkissen: das Kissen das nichts vermissen l\u00e4sst Kissenbez\u00fcge<\/p>\n","protected":false},"author":1,"featured_media":0,"parent":0,"menu_order":0,"comment_status":"closed","ping_status":"closed","template":"","meta":{"footnotes":""},"_links":{"self":[{"href":"https:\/\/elaskreativecke.de\/index.php?rest_route=\/wp\/v2\/pages\/529"}],"collection":[{"href":"https:\/\/elaskreativecke.de\/index.php?rest_route=\/wp\/v2\/pages"}],"about":[{"href":"https:\/\/elaskreativecke.de\/index.php?rest_route=\/wp\/v2\/types\/page"}],"author":[{"embeddable":true,"href":"https:\/\/elaskreativecke.de\/index.php?rest_route=\/wp\/v2\/users\/1"}],"replies":[{"embeddable":true,"href":"https:\/\/elaskreativecke.de\/index.php?rest_route=%2Fwp%2Fv2%2Fcomments&post=529"}],"version-history":[{"count":4,"href":"https:\/\/elaskreativecke.de\/index.php?rest_route=\/wp\/v2\/pages\/529\/revisions"}],"predecessor-version":[{"id":551,"href":"https:\/\/elaskreativecke.de\/index.php?rest_route=\/wp\/v2\/pages\/529\/revisions\/551"}],"wp:attachment":[{"href":"https:\/\/elaskreativecke.de\/index.php?rest_route=%2Fwp%2Fv2%2Fmedia&parent=529"}],"curies":[{"name":"wp","href":"https:\/\/api.w.org\/{rel}","templated":true}]}}