{"id":476,"date":"2021-10-19T22:44:47","date_gmt":"2021-10-19T20:44:47","guid":{"rendered":"http:\/\/elaskreativecke.de\/?page_id=476"},"modified":"2021-10-20T11:27:37","modified_gmt":"2021-10-20T09:27:37","slug":"taschen","status":"publish","type":"page","link":"https:\/\/elaskreativecke.de\/?page_id=476","title":{"rendered":"Taschen"},"content":{"rendered":"\n<p><\/p>\n\n\n\n<p class=\"has-medium-font-size\">Auf dieser Seite finden Sie eine Auswahl verschiedener Ideen f\u00fcr Taschen.<br>Eine aktuelle Auswahl an Stoffen f\u00fcr meine Produkte erhalten Sie auf Anfrage.<\/p>\n\n\n\n<p><br><\/p>\n\n\n\n<h2 class=\"wp-block-heading\">Knotentaschen<\/h2>\n\n\n\n<div class=\"wp-block-columns is-layout-flex wp-container-core-columns-layout-1 wp-block-columns-is-layout-flex\">\n<div class=\"wp-block-column is-vertically-aligned-top is-layout-flow wp-block-column-is-layout-flow\">\n<div class=\"wp-block-image is-style-default\"><figure class=\"aligncenter size-large is-resized\"><a href=\"http:\/\/elaskreativecke.de\/wp-content\/uploads\/2021\/10\/Knotentasche_13.jpg\"><img loading=\"lazy\" decoding=\"async\" src=\"http:\/\/elaskreativecke.de\/wp-content\/uploads\/2021\/10\/Knotentasche_13-799x1024.jpg\" alt=\"\" class=\"wp-image-495\" width=\"312\" height=\"400\" srcset=\"https:\/\/elaskreativecke.de\/wp-content\/uploads\/2021\/10\/Knotentasche_13-799x1024.jpg 799w, https:\/\/elaskreativecke.de\/wp-content\/uploads\/2021\/10\/Knotentasche_13-234x300.jpg 234w, https:\/\/elaskreativecke.de\/wp-content\/uploads\/2021\/10\/Knotentasche_13-768x985.jpg 768w, https:\/\/elaskreativecke.de\/wp-content\/uploads\/2021\/10\/Knotentasche_13-1198x1536.jpg 1198w, https:\/\/elaskreativecke.de\/wp-content\/uploads\/2021\/10\/Knotentasche_13-1140x1462.jpg 1140w, https:\/\/elaskreativecke.de\/wp-content\/uploads\/2021\/10\/Knotentasche_13.jpg 1247w\" sizes=\"(max-width: 312px) 100vw, 312px\" \/><\/a><\/figure><\/div>\n<\/div>\n\n\n\n<div class=\"wp-block-column is-vertically-aligned-top is-layout-flow wp-block-column-is-layout-flow\">\n<div class=\"wp-block-image is-style-default\"><figure class=\"aligncenter size-large is-resized\"><a href=\"http:\/\/elaskreativecke.de\/wp-content\/uploads\/2021\/10\/Knotentasche_12.jpg\"><img loading=\"lazy\" decoding=\"async\" src=\"http:\/\/elaskreativecke.de\/wp-content\/uploads\/2021\/10\/Knotentasche_12-899x1024.jpg\" alt=\"\" class=\"wp-image-494\" width=\"353\" height=\"400\"\/><\/a><\/figure><\/div>\n<\/div>\n<\/div>\n\n\n\n<div class=\"wp-block-columns is-layout-flex wp-container-core-columns-layout-2 wp-block-columns-is-layout-flex\">\n<div class=\"wp-block-column is-vertically-aligned-top is-layout-flow wp-block-column-is-layout-flow\">\n<div class=\"wp-block-image is-style-default\"><figure class=\"aligncenter size-large is-resized\"><a href=\"http:\/\/elaskreativecke.de\/wp-content\/uploads\/2021\/10\/Knotentasche_11.jpg\"><img loading=\"lazy\" decoding=\"async\" src=\"http:\/\/elaskreativecke.de\/wp-content\/uploads\/2021\/10\/Knotentasche_11-657x1024.jpg\" alt=\"\" class=\"wp-image-493\" width=\"259\" height=\"400\"\/><\/a><\/figure><\/div>\n<\/div>\n\n\n\n<div class=\"wp-block-column is-vertically-aligned-top is-layout-flow wp-block-column-is-layout-flow\">\n<div class=\"wp-block-image is-style-default\"><figure class=\"aligncenter size-large is-resized\"><a href=\"http:\/\/elaskreativecke.de\/wp-content\/uploads\/2021\/10\/Knotentasche_10.jpg\"><img loading=\"lazy\" decoding=\"async\" src=\"http:\/\/elaskreativecke.de\/wp-content\/uploads\/2021\/10\/Knotentasche_10-906x1024.jpg\" alt=\"\" class=\"wp-image-492\" width=\"356\" height=\"400\"\/><\/a><\/figure><\/div>\n<\/div>\n<\/div>\n\n\n\n<p><br><\/p>\n\n\n\n<h2 class=\"wp-block-heading\">Origamitaschen<\/h2>\n\n\n\n<div class=\"wp-block-image is-style-default\"><figure class=\"aligncenter size-large is-resized\"><a href=\"http:\/\/elaskreativecke.de\/wp-content\/uploads\/2021\/10\/Origamitasche_10.jpg\"><img loading=\"lazy\" decoding=\"async\" src=\"http:\/\/elaskreativecke.de\/wp-content\/uploads\/2021\/10\/Origamitasche_10-1024x705.jpg\" alt=\"\" class=\"wp-image-502\" width=\"584\" height=\"400\"\/><\/a><\/figure><\/div>\n\n\n\n<p><br><\/p>\n\n\n\n<h2 class=\"wp-block-heading\">praktische Sporttaschen aus Softshell<\/h2>\n\n\n\n<div class=\"wp-block-columns is-layout-flex wp-container-core-columns-layout-3 wp-block-columns-is-layout-flex\">\n<div class=\"wp-block-column is-vertically-aligned-top is-layout-flow wp-block-column-is-layout-flow\">\n<div class=\"wp-block-image is-style-default\"><figure class=\"aligncenter size-medium is-resized\"><a href=\"http:\/\/elaskreativecke.de\/wp-content\/uploads\/2020\/05\/bag_2.jpg\"><img loading=\"lazy\" decoding=\"async\" src=\"http:\/\/elaskreativecke.de\/wp-content\/uploads\/2020\/05\/bag_2-300x234.jpg\" alt=\"Sporttaschen \" class=\"wp-image-188\" width=\"514\" height=\"400\" srcset=\"https:\/\/elaskreativecke.de\/wp-content\/uploads\/2020\/05\/bag_2-300x234.jpg 300w, https:\/\/elaskreativecke.de\/wp-content\/uploads\/2020\/05\/bag_2-1024x798.jpg 1024w, https:\/\/elaskreativecke.de\/wp-content\/uploads\/2020\/05\/bag_2-768x599.jpg 768w, https:\/\/elaskreativecke.de\/wp-content\/uploads\/2020\/05\/bag_2-1140x889.jpg 1140w, https:\/\/elaskreativecke.de\/wp-content\/uploads\/2020\/05\/bag_2.jpg 1357w\" sizes=\"(max-width: 514px) 100vw, 514px\" \/><\/a><\/figure><\/div>\n<\/div>\n\n\n\n<div class=\"wp-block-column is-vertically-aligned-top is-layout-flow wp-block-column-is-layout-flow\">\n<div class=\"wp-block-image is-style-default\"><figure class=\"aligncenter size-medium is-resized\"><a href=\"http:\/\/elaskreativecke.de\/wp-content\/uploads\/2020\/05\/bag_1-e1590134805316.jpg\"><img loading=\"lazy\" decoding=\"async\" src=\"http:\/\/elaskreativecke.de\/wp-content\/uploads\/2020\/05\/bag_1-225x300.jpg\" alt=\"Sporttaschen \" class=\"wp-image-120\" width=\"300\" height=\"400\"\/><\/a><\/figure><\/div>\n<\/div>\n<\/div>\n\n\n\n<div class=\"wp-block-image is-style-default\"><figure class=\"aligncenter size-medium is-resized\"><a href=\"http:\/\/elaskreativecke.de\/wp-content\/uploads\/2020\/05\/bag_3.jpg\"><img loading=\"lazy\" decoding=\"async\" src=\"http:\/\/elaskreativecke.de\/wp-content\/uploads\/2020\/05\/bag_3-282x300.jpg\" alt=\"Sporttaschen \" class=\"wp-image-342\" width=\"386\" height=\"411\" srcset=\"https:\/\/elaskreativecke.de\/wp-content\/uploads\/2020\/05\/bag_3-282x300.jpg 282w, https:\/\/elaskreativecke.de\/wp-content\/uploads\/2020\/05\/bag_3-962x1024.jpg 962w, https:\/\/elaskreativecke.de\/wp-content\/uploads\/2020\/05\/bag_3-768x818.jpg 768w, https:\/\/elaskreativecke.de\/wp-content\/uploads\/2020\/05\/bag_3-1140x1214.jpg 1140w, https:\/\/elaskreativecke.de\/wp-content\/uploads\/2020\/05\/bag_3.jpg 1200w\" sizes=\"(max-width: 386px) 100vw, 386px\" \/><\/a><\/figure><\/div>\n\n\n\n<p><br><\/p>\n\n\n\n<h2 class=\"wp-block-heading\">Handytaschen<\/h2>\n\n\n\n<div class=\"wp-block-image is-style-default\"><figure class=\"aligncenter size-large is-resized\"><a href=\"http:\/\/elaskreativecke.de\/wp-content\/uploads\/2021\/01\/handytasche01.jpg\"><img loading=\"lazy\" decoding=\"async\" src=\"http:\/\/elaskreativecke.de\/wp-content\/uploads\/2021\/01\/handytasche01-922x1024.jpg\" alt=\"\" class=\"wp-image-465\" width=\"354\" height=\"400\"\/><\/a><\/figure><\/div>\n\n\n\n<p><br><\/p>\n\n\n\n<h2 class=\"wp-block-heading\">Maskentaschen<\/h2>\n\n\n\n<div class=\"wp-block-columns is-layout-flex wp-container-core-columns-layout-4 wp-block-columns-is-layout-flex\">\n<div class=\"wp-block-column is-vertically-aligned-top is-layout-flow wp-block-column-is-layout-flow\">\n<div class=\"wp-block-image is-style-default\"><figure class=\"aligncenter size-large is-resized\"><a href=\"http:\/\/elaskreativecke.de\/wp-content\/uploads\/2021\/10\/Maskentaschen_10.jpg\"><img loading=\"lazy\" decoding=\"async\" src=\"http:\/\/elaskreativecke.de\/wp-content\/uploads\/2021\/10\/Maskentaschen_10-768x1024.jpg\" alt=\"\" class=\"wp-image-500\" width=\"301\" height=\"400\" srcset=\"https:\/\/elaskreativecke.de\/wp-content\/uploads\/2021\/10\/Maskentaschen_10-768x1024.jpg 768w, https:\/\/elaskreativecke.de\/wp-content\/uploads\/2021\/10\/Maskentaschen_10-225x300.jpg 225w, https:\/\/elaskreativecke.de\/wp-content\/uploads\/2021\/10\/Maskentaschen_10-1152x1536.jpg 1152w, https:\/\/elaskreativecke.de\/wp-content\/uploads\/2021\/10\/Maskentaschen_10-1140x1520.jpg 1140w, https:\/\/elaskreativecke.de\/wp-content\/uploads\/2021\/10\/Maskentaschen_10.jpg 1200w\" sizes=\"(max-width: 301px) 100vw, 301px\" \/><\/a><\/figure><\/div>\n<\/div>\n\n\n\n<div class=\"wp-block-column is-vertically-aligned-top is-layout-flow wp-block-column-is-layout-flow\">\n<div class=\"wp-block-image is-style-default\"><figure class=\"aligncenter size-large is-resized\"><a href=\"http:\/\/elaskreativecke.de\/wp-content\/uploads\/2021\/10\/Maskentaschen_11.jpg\"><img loading=\"lazy\" decoding=\"async\" src=\"http:\/\/elaskreativecke.de\/wp-content\/uploads\/2021\/10\/Maskentaschen_11-1024x922.jpg\" alt=\"\" class=\"wp-image-501\" width=\"445\" height=\"400\" srcset=\"https:\/\/elaskreativecke.de\/wp-content\/uploads\/2021\/10\/Maskentaschen_11-1024x922.jpg 1024w, https:\/\/elaskreativecke.de\/wp-content\/uploads\/2021\/10\/Maskentaschen_11-300x270.jpg 300w, https:\/\/elaskreativecke.de\/wp-content\/uploads\/2021\/10\/Maskentaschen_11-768x692.jpg 768w, https:\/\/elaskreativecke.de\/wp-content\/uploads\/2021\/10\/Maskentaschen_11-1140x1027.jpg 1140w, https:\/\/elaskreativecke.de\/wp-content\/uploads\/2021\/10\/Maskentaschen_11.jpg 1296w\" sizes=\"(max-width: 445px) 100vw, 445px\" \/><\/a><\/figure><\/div>\n<\/div>\n<\/div>\n\n\n\n<div class=\"wp-block-columns is-layout-flex wp-container-core-columns-layout-5 wp-block-columns-is-layout-flex\">\n<div class=\"wp-block-column is-layout-flow wp-block-column-is-layout-flow\">\n<div class=\"wp-block-image is-style-default\"><figure class=\"aligncenter size-large is-resized\"><a href=\"http:\/\/elaskreativecke.de\/wp-content\/uploads\/2021\/01\/maskentasche02.jpg\"><img loading=\"lazy\" decoding=\"async\" src=\"http:\/\/elaskreativecke.de\/wp-content\/uploads\/2021\/01\/maskentasche02-888x1024.jpg\" alt=\"\" class=\"wp-image-467\" width=\"349\" height=\"400\"\/><\/a><\/figure><\/div>\n<\/div>\n\n\n\n<div class=\"wp-block-column is-vertically-aligned-center is-layout-flow wp-block-column-is-layout-flow\">\n<div class=\"wp-block-image is-style-default\"><figure class=\"aligncenter size-large is-resized\"><a href=\"http:\/\/elaskreativecke.de\/wp-content\/uploads\/2021\/01\/maskentasche03.jpg\"><img loading=\"lazy\" decoding=\"async\" src=\"http:\/\/elaskreativecke.de\/wp-content\/uploads\/2021\/01\/maskentasche03-1024x872.jpg\" alt=\"\" class=\"wp-image-468\" width=\"464\" height=\"400\"\/><\/a><\/figure><\/div>\n<\/div>\n<\/div>\n\n\n\n<p><br><\/p>\n\n\n\n<h2 class=\"wp-block-heading\">Impfpassh\u00fcllen<\/h2>\n\n\n\n<div class=\"wp-block-columns are-vertically-aligned-top is-layout-flex wp-container-core-columns-layout-6 wp-block-columns-is-layout-flex\">\n<div class=\"wp-block-column is-vertically-aligned-top is-layout-flow wp-block-column-is-layout-flow\">\n<div class=\"wp-block-image is-style-default\"><figure class=\"aligncenter size-large is-resized\"><a href=\"http:\/\/elaskreativecke.de\/wp-content\/uploads\/2021\/10\/Impfpasshuelle_11.jpg\"><img loading=\"lazy\" decoding=\"async\" src=\"http:\/\/elaskreativecke.de\/wp-content\/uploads\/2021\/10\/Impfpasshuelle_11-927x1024.jpg\" alt=\"\" class=\"wp-image-545\" width=\"363\" height=\"400\" srcset=\"https:\/\/elaskreativecke.de\/wp-content\/uploads\/2021\/10\/Impfpasshuelle_11-927x1024.jpg 927w, https:\/\/elaskreativecke.de\/wp-content\/uploads\/2021\/10\/Impfpasshuelle_11-272x300.jpg 272w, https:\/\/elaskreativecke.de\/wp-content\/uploads\/2021\/10\/Impfpasshuelle_11-768x848.jpg 768w, https:\/\/elaskreativecke.de\/wp-content\/uploads\/2021\/10\/Impfpasshuelle_11-1140x1259.jpg 1140w, https:\/\/elaskreativecke.de\/wp-content\/uploads\/2021\/10\/Impfpasshuelle_11.jpg 1296w\" sizes=\"(max-width: 363px) 100vw, 363px\" \/><\/a><\/figure><\/div>\n<\/div>\n\n\n\n<div class=\"wp-block-column is-vertically-aligned-top is-layout-flow wp-block-column-is-layout-flow\">\n<div class=\"wp-block-image is-style-default\"><figure class=\"aligncenter size-large is-resized\"><a href=\"http:\/\/elaskreativecke.de\/wp-content\/uploads\/2021\/10\/Impfpasshuelle_10.jpg\"><img loading=\"lazy\" decoding=\"async\" src=\"http:\/\/elaskreativecke.de\/wp-content\/uploads\/2021\/10\/Impfpasshuelle_10-749x1024.jpg\" alt=\"\" class=\"wp-image-544\" width=\"293\" height=\"400\" srcset=\"https:\/\/elaskreativecke.de\/wp-content\/uploads\/2021\/10\/Impfpasshuelle_10-749x1024.jpg 749w, https:\/\/elaskreativecke.de\/wp-content\/uploads\/2021\/10\/Impfpasshuelle_10-219x300.jpg 219w, https:\/\/elaskreativecke.de\/wp-content\/uploads\/2021\/10\/Impfpasshuelle_10-768x1050.jpg 768w, https:\/\/elaskreativecke.de\/wp-content\/uploads\/2021\/10\/Impfpasshuelle_10-1123x1536.jpg 1123w, https:\/\/elaskreativecke.de\/wp-content\/uploads\/2021\/10\/Impfpasshuelle_10-1140x1559.jpg 1140w, https:\/\/elaskreativecke.de\/wp-content\/uploads\/2021\/10\/Impfpasshuelle_10.jpg 1170w\" sizes=\"(max-width: 293px) 100vw, 293px\" \/><\/a><\/figure><\/div>\n<\/div>\n<\/div>\n\n\n\n<p><br><\/p>\n\n\n\n<h2 class=\"wp-block-heading\">Impfpassh\u00fclle f\u00fcr den Hund<\/h2>\n\n\n\n<div class=\"wp-block-image is-style-default\"><figure class=\"aligncenter size-large is-resized\"><a href=\"http:\/\/elaskreativecke.de\/wp-content\/uploads\/2021\/10\/Impfpasshuelle_Hund_10.jpg\"><img loading=\"lazy\" decoding=\"async\" src=\"http:\/\/elaskreativecke.de\/wp-content\/uploads\/2021\/10\/Impfpasshuelle_Hund_10-1024x934.jpg\" alt=\"\" class=\"wp-image-489\" width=\"440\" height=\"400\" srcset=\"https:\/\/elaskreativecke.de\/wp-content\/uploads\/2021\/10\/Impfpasshuelle_Hund_10-1024x934.jpg 1024w, https:\/\/elaskreativecke.de\/wp-content\/uploads\/2021\/10\/Impfpasshuelle_Hund_10-300x274.jpg 300w, https:\/\/elaskreativecke.de\/wp-content\/uploads\/2021\/10\/Impfpasshuelle_Hund_10-768x700.jpg 768w, https:\/\/elaskreativecke.de\/wp-content\/uploads\/2021\/10\/Impfpasshuelle_Hund_10-1140x1040.jpg 1140w, https:\/\/elaskreativecke.de\/wp-content\/uploads\/2021\/10\/Impfpasshuelle_Hund_10.jpg 1296w\" sizes=\"(max-width: 440px) 100vw, 440px\" \/><\/a><\/figure><\/div>\n\n\n\n<p><br><\/p>\n\n\n\n<h2 class=\"wp-block-heading\">Kalenderh\u00fcllen<\/h2>\n\n\n\n<div class=\"wp-block-columns are-vertically-aligned-top is-layout-flex wp-container-core-columns-layout-7 wp-block-columns-is-layout-flex\">\n<div class=\"wp-block-column is-vertically-aligned-top is-layout-flow wp-block-column-is-layout-flow\">\n<div class=\"wp-block-image is-style-default\"><figure class=\"aligncenter size-large is-resized\"><a href=\"http:\/\/elaskreativecke.de\/wp-content\/uploads\/2021\/10\/Kalenderhuelle_10.jpg\"><img loading=\"lazy\" decoding=\"async\" src=\"http:\/\/elaskreativecke.de\/wp-content\/uploads\/2021\/10\/Kalenderhuelle_10-808x1024.jpg\" alt=\"\" class=\"wp-image-490\" width=\"315\" height=\"400\" srcset=\"https:\/\/elaskreativecke.de\/wp-content\/uploads\/2021\/10\/Kalenderhuelle_10-808x1024.jpg 808w, https:\/\/elaskreativecke.de\/wp-content\/uploads\/2021\/10\/Kalenderhuelle_10-237x300.jpg 237w, https:\/\/elaskreativecke.de\/wp-content\/uploads\/2021\/10\/Kalenderhuelle_10-768x974.jpg 768w, https:\/\/elaskreativecke.de\/wp-content\/uploads\/2021\/10\/Kalenderhuelle_10-1212x1536.jpg 1212w, https:\/\/elaskreativecke.de\/wp-content\/uploads\/2021\/10\/Kalenderhuelle_10-1140x1445.jpg 1140w, https:\/\/elaskreativecke.de\/wp-content\/uploads\/2021\/10\/Kalenderhuelle_10.jpg 1262w\" sizes=\"(max-width: 315px) 100vw, 315px\" \/><\/a><\/figure><\/div>\n<\/div>\n\n\n\n<div class=\"wp-block-column is-vertically-aligned-top is-layout-flow wp-block-column-is-layout-flow\">\n<div class=\"wp-block-image is-style-default\"><figure class=\"aligncenter size-large is-resized\"><a href=\"http:\/\/elaskreativecke.de\/wp-content\/uploads\/2021\/10\/Kalenderhuelle_11.jpg\"><img loading=\"lazy\" decoding=\"async\" src=\"http:\/\/elaskreativecke.de\/wp-content\/uploads\/2021\/10\/Kalenderhuelle_11-907x1024.jpg\" alt=\"\" class=\"wp-image-491\" width=\"355\" height=\"400\" srcset=\"https:\/\/elaskreativecke.de\/wp-content\/uploads\/2021\/10\/Kalenderhuelle_11-907x1024.jpg 907w, https:\/\/elaskreativecke.de\/wp-content\/uploads\/2021\/10\/Kalenderhuelle_11-266x300.jpg 266w, https:\/\/elaskreativecke.de\/wp-content\/uploads\/2021\/10\/Kalenderhuelle_11-768x867.jpg 768w, https:\/\/elaskreativecke.de\/wp-content\/uploads\/2021\/10\/Kalenderhuelle_11-1140x1287.jpg 1140w, https:\/\/elaskreativecke.de\/wp-content\/uploads\/2021\/10\/Kalenderhuelle_11.jpg 1296w\" sizes=\"(max-width: 355px) 100vw, 355px\" \/><\/a><\/figure><\/div>\n<\/div>\n<\/div>\n\n\n\n<p><br><\/p>\n\n\n\n<h2 class=\"wp-block-heading\">Taschen f\u00fcr Haarspangen<\/h2>\n\n\n\n<div class=\"wp-block-columns are-vertically-aligned-top is-layout-flex wp-container-core-columns-layout-8 wp-block-columns-is-layout-flex\">\n<div class=\"wp-block-column is-vertically-aligned-top is-layout-flow wp-block-column-is-layout-flow\">\n<div class=\"wp-block-image is-style-default\"><figure class=\"aligncenter size-large is-resized\"><a href=\"http:\/\/elaskreativecke.de\/wp-content\/uploads\/2021\/10\/Tasche_Haarspangen_10.jpg\"><img loading=\"lazy\" decoding=\"async\" src=\"http:\/\/elaskreativecke.de\/wp-content\/uploads\/2021\/10\/Tasche_Haarspangen_10-571x1024.jpg\" alt=\"\" class=\"wp-image-506\" width=\"222\" height=\"400\"\/><\/a><\/figure><\/div>\n<\/div>\n\n\n\n<div class=\"wp-block-column is-vertically-aligned-top is-layout-flow wp-block-column-is-layout-flow\">\n<div class=\"wp-block-image is-style-default\"><figure class=\"aligncenter size-large is-resized\"><a href=\"http:\/\/elaskreativecke.de\/wp-content\/uploads\/2021\/10\/Tasche_Haarspangen_11.jpg\"><img loading=\"lazy\" decoding=\"async\" src=\"http:\/\/elaskreativecke.de\/wp-content\/uploads\/2021\/10\/Tasche_Haarspangen_11-758x1024.jpg\" alt=\"\" class=\"wp-image-507\" width=\"297\" height=\"400\" srcset=\"https:\/\/elaskreativecke.de\/wp-content\/uploads\/2021\/10\/Tasche_Haarspangen_11-758x1024.jpg 758w, https:\/\/elaskreativecke.de\/wp-content\/uploads\/2021\/10\/Tasche_Haarspangen_11-222x300.jpg 222w, https:\/\/elaskreativecke.de\/wp-content\/uploads\/2021\/10\/Tasche_Haarspangen_11-768x1038.jpg 768w, https:\/\/elaskreativecke.de\/wp-content\/uploads\/2021\/10\/Tasche_Haarspangen_11.jpg 947w\" sizes=\"(max-width: 297px) 100vw, 297px\" \/><\/a><\/figure><\/div>\n<\/div>\n<\/div>\n\n\n\n<p><br><\/p>\n\n\n\n<h2 class=\"wp-block-heading\">Mini-Geldbeutel<\/h2>\n\n\n\n<div class=\"wp-block-image is-style-default\"><figure class=\"aligncenter size-large is-resized\"><a href=\"http:\/\/elaskreativecke.de\/wp-content\/uploads\/2020\/10\/geld_mini_1.jpeg\"><img loading=\"lazy\" decoding=\"async\" src=\"http:\/\/elaskreativecke.de\/wp-content\/uploads\/2020\/10\/geld_mini_1-1024x843.jpeg\" alt=\"Mini-Geldbeutel\" class=\"wp-image-446\" width=\"499\" height=\"400\"\/><\/a><\/figure><\/div>\n\n\n\n<p><br><\/p>\n\n\n\n<h2 class=\"wp-block-heading\">Windeltaschen<\/h2>\n\n\n\n<div class=\"wp-block-columns are-vertically-aligned-top is-layout-flex wp-container-core-columns-layout-9 wp-block-columns-is-layout-flex\">\n<div class=\"wp-block-column is-vertically-aligned-top is-layout-flow wp-block-column-is-layout-flow\">\n<div class=\"wp-block-image is-style-default\"><figure class=\"aligncenter size-medium is-resized\"><a href=\"http:\/\/elaskreativecke.de\/wp-content\/uploads\/2020\/07\/Windeltasche_11.jpg\"><img loading=\"lazy\" decoding=\"async\" src=\"http:\/\/elaskreativecke.de\/wp-content\/uploads\/2020\/07\/Windeltasche_11-225x300.jpg\" alt=\"Windeltasche\" class=\"wp-image-421\" width=\"300\" height=\"400\" srcset=\"https:\/\/elaskreativecke.de\/wp-content\/uploads\/2020\/07\/Windeltasche_11-225x300.jpg 225w, https:\/\/elaskreativecke.de\/wp-content\/uploads\/2020\/07\/Windeltasche_11-768x1024.jpg 768w, https:\/\/elaskreativecke.de\/wp-content\/uploads\/2020\/07\/Windeltasche_11-1152x1536.jpg 1152w, https:\/\/elaskreativecke.de\/wp-content\/uploads\/2020\/07\/Windeltasche_11-1140x1520.jpg 1140w, https:\/\/elaskreativecke.de\/wp-content\/uploads\/2020\/07\/Windeltasche_11.jpg 1200w\" sizes=\"(max-width: 300px) 100vw, 300px\" \/><\/a><\/figure><\/div>\n<\/div>\n\n\n\n<div class=\"wp-block-column is-vertically-aligned-top is-layout-flow wp-block-column-is-layout-flow\">\n<div class=\"wp-block-image is-style-default\"><figure class=\"aligncenter size-medium is-resized\"><a href=\"http:\/\/elaskreativecke.de\/wp-content\/uploads\/2020\/07\/Windeltasche_12.jpg\"><img loading=\"lazy\" decoding=\"async\" src=\"http:\/\/elaskreativecke.de\/wp-content\/uploads\/2020\/07\/Windeltasche_12-225x300.jpg\" alt=\"Windeltasche\" class=\"wp-image-420\" width=\"299\" height=\"400\" srcset=\"https:\/\/elaskreativecke.de\/wp-content\/uploads\/2020\/07\/Windeltasche_12-225x300.jpg 225w, https:\/\/elaskreativecke.de\/wp-content\/uploads\/2020\/07\/Windeltasche_12-768x1024.jpg 768w, https:\/\/elaskreativecke.de\/wp-content\/uploads\/2020\/07\/Windeltasche_12-1152x1536.jpg 1152w, https:\/\/elaskreativecke.de\/wp-content\/uploads\/2020\/07\/Windeltasche_12-1140x1520.jpg 1140w, https:\/\/elaskreativecke.de\/wp-content\/uploads\/2020\/07\/Windeltasche_12.jpg 1200w\" sizes=\"(max-width: 299px) 100vw, 299px\" \/><\/a><\/figure><\/div>\n<\/div>\n<\/div>\n\n\n\n<p><br><\/p>\n\n\n\n<h2 class=\"wp-block-heading\">Schutzh\u00fcllen<\/h2>\n\n\n\n<div class=\"wp-block-image is-style-default\"><figure class=\"aligncenter size-large is-resized\"><a href=\"http:\/\/elaskreativecke.de\/wp-content\/uploads\/2020\/10\/kuehlpack_1.jpeg\"><img loading=\"lazy\" decoding=\"async\" src=\"http:\/\/elaskreativecke.de\/wp-content\/uploads\/2020\/10\/kuehlpack_1-804x1024.jpeg\" alt=\"Schutzh\u00fclle\" class=\"wp-image-447\" width=\"314\" height=\"400\" srcset=\"https:\/\/elaskreativecke.de\/wp-content\/uploads\/2020\/10\/kuehlpack_1-804x1024.jpeg 804w, https:\/\/elaskreativecke.de\/wp-content\/uploads\/2020\/10\/kuehlpack_1-235x300.jpeg 235w, https:\/\/elaskreativecke.de\/wp-content\/uploads\/2020\/10\/kuehlpack_1-768x979.jpeg 768w, https:\/\/elaskreativecke.de\/wp-content\/uploads\/2020\/10\/kuehlpack_1-1140x1453.jpeg 1140w, https:\/\/elaskreativecke.de\/wp-content\/uploads\/2020\/10\/kuehlpack_1.jpeg 1159w\" sizes=\"(max-width: 314px) 100vw, 314px\" \/><\/a><\/figure><\/div>\n\n\n\n<div class=\"wp-block-columns is-layout-flex wp-container-core-columns-layout-10 wp-block-columns-is-layout-flex\">\n<div class=\"wp-block-column is-vertically-aligned-top is-layout-flow wp-block-column-is-layout-flow\">\n<div class=\"wp-block-image is-style-default\"><figure class=\"aligncenter size-medium is-resized\"><a href=\"http:\/\/elaskreativecke.de\/wp-content\/uploads\/2020\/07\/Schutzh\u00fclle_11.jpg\"><img loading=\"lazy\" decoding=\"async\" src=\"http:\/\/elaskreativecke.de\/wp-content\/uploads\/2020\/07\/Schutzh\u00fclle_11-234x300.jpg\" alt=\"Schutzh\u00fclle\" class=\"wp-image-423\" width=\"311\" height=\"400\" srcset=\"https:\/\/elaskreativecke.de\/wp-content\/uploads\/2020\/07\/Schutzh\u00fclle_11-234x300.jpg 234w, https:\/\/elaskreativecke.de\/wp-content\/uploads\/2020\/07\/Schutzh\u00fclle_11-797x1024.jpg 797w, https:\/\/elaskreativecke.de\/wp-content\/uploads\/2020\/07\/Schutzh\u00fclle_11-768x987.jpg 768w, https:\/\/elaskreativecke.de\/wp-content\/uploads\/2020\/07\/Schutzh\u00fclle_11.jpg 1107w\" sizes=\"(max-width: 311px) 100vw, 311px\" \/><\/a><\/figure><\/div>\n<\/div>\n\n\n\n<div class=\"wp-block-column is-vertically-aligned-top is-layout-flow wp-block-column-is-layout-flow\">\n<div class=\"wp-block-image is-style-default\"><figure class=\"aligncenter size-medium is-resized\"><a href=\"http:\/\/elaskreativecke.de\/wp-content\/uploads\/2020\/07\/Schutzh\u00fclle_12.jpg\"><img loading=\"lazy\" decoding=\"async\" src=\"http:\/\/elaskreativecke.de\/wp-content\/uploads\/2020\/07\/Schutzh\u00fclle_12-234x300.jpg\" alt=\"Schutzh\u00fclle\" class=\"wp-image-424\" width=\"311\" height=\"400\" srcset=\"https:\/\/elaskreativecke.de\/wp-content\/uploads\/2020\/07\/Schutzh\u00fclle_12-234x300.jpg 234w, https:\/\/elaskreativecke.de\/wp-content\/uploads\/2020\/07\/Schutzh\u00fclle_12-798x1024.jpg 798w, https:\/\/elaskreativecke.de\/wp-content\/uploads\/2020\/07\/Schutzh\u00fclle_12-768x986.jpg 768w, https:\/\/elaskreativecke.de\/wp-content\/uploads\/2020\/07\/Schutzh\u00fclle_12-1197x1536.jpg 1197w, https:\/\/elaskreativecke.de\/wp-content\/uploads\/2020\/07\/Schutzh\u00fclle_12-1140x1463.jpg 1140w, https:\/\/elaskreativecke.de\/wp-content\/uploads\/2020\/07\/Schutzh\u00fclle_12.jpg 1227w\" sizes=\"(max-width: 311px) 100vw, 311px\" \/><\/a><\/figure><\/div>\n<\/div>\n<\/div>\n\n\n\n<p><br><\/p>\n\n\n\n<h2 class=\"wp-block-heading\">Tragetaschen f\u00fcr Tetrapacks<\/h2>\n\n\n\n<div class=\"wp-block-image is-style-default\"><figure class=\"aligncenter size-medium is-resized\"><a href=\"http:\/\/elaskreativecke.de\/wp-content\/uploads\/2020\/05\/trinken_1.jpg\"><img loading=\"lazy\" decoding=\"async\" src=\"http:\/\/elaskreativecke.de\/wp-content\/uploads\/2020\/05\/trinken_1-208x300.jpg\" alt=\"Tragetasche\" class=\"wp-image-210\" width=\"277\" height=\"400\" srcset=\"https:\/\/elaskreativecke.de\/wp-content\/uploads\/2020\/05\/trinken_1-208x300.jpg 208w, https:\/\/elaskreativecke.de\/wp-content\/uploads\/2020\/05\/trinken_1-711x1024.jpg 711w, https:\/\/elaskreativecke.de\/wp-content\/uploads\/2020\/05\/trinken_1-768x1106.jpg 768w, https:\/\/elaskreativecke.de\/wp-content\/uploads\/2020\/05\/trinken_1.jpg 900w\" sizes=\"(max-width: 277px) 100vw, 277px\" \/><\/a><\/figure><\/div>\n\n\n\n<p><br><\/p>\n","protected":false},"excerpt":{"rendered":"<p>Auf dieser Seite finden Sie eine Auswahl verschiedener Ideen f\u00fcr Taschen.Eine aktuelle Auswahl an Stoffen f\u00fcr meine Produkte erhalten Sie auf Anfrage. Knotentaschen Origamitaschen praktische Sporttaschen aus Softshell Handytaschen Maskentaschen Impfpassh\u00fcllen Impfpassh\u00fclle f\u00fcr den Hund Kalenderh\u00fcllen Taschen f\u00fcr Haarspangen Mini-Geldbeutel Windeltaschen Schutzh\u00fcllen Tragetaschen f\u00fcr Tetrapacks<\/p>\n","protected":false},"author":1,"featured_media":0,"parent":0,"menu_order":0,"comment_status":"closed","ping_status":"closed","template":"","meta":{"footnotes":""},"_links":{"self":[{"href":"https:\/\/elaskreativecke.de\/index.php?rest_route=\/wp\/v2\/pages\/476"}],"collection":[{"href":"https:\/\/elaskreativecke.de\/index.php?rest_route=\/wp\/v2\/pages"}],"about":[{"href":"https:\/\/elaskreativecke.de\/index.php?rest_route=\/wp\/v2\/types\/page"}],"author":[{"embeddable":true,"href":"https:\/\/elaskreativecke.de\/index.php?rest_route=\/wp\/v2\/users\/1"}],"replies":[{"embeddable":true,"href":"https:\/\/elaskreativecke.de\/index.php?rest_route=%2Fwp%2Fv2%2Fcomments&post=476"}],"version-history":[{"count":13,"href":"https:\/\/elaskreativecke.de\/index.php?rest_route=\/wp\/v2\/pages\/476\/revisions"}],"predecessor-version":[{"id":561,"href":"https:\/\/elaskreativecke.de\/index.php?rest_route=\/wp\/v2\/pages\/476\/revisions\/561"}],"wp:attachment":[{"href":"https:\/\/elaskreativecke.de\/index.php?rest_route=%2Fwp%2Fv2%2Fmedia&parent=476"}],"curies":[{"name":"wp","href":"https:\/\/api.w.org\/{rel}","templated":true}]}}