{"id":150,"date":"2020-05-22T19:09:33","date_gmt":"2020-05-22T19:09:33","guid":{"rendered":"http:\/\/elaskreativecke.de\/?page_id=150"},"modified":"2021-10-20T11:36:38","modified_gmt":"2021-10-20T09:36:38","slug":"zum-anziehen","status":"publish","type":"page","link":"https:\/\/elaskreativecke.de\/?page_id=150","title":{"rendered":"Zum Anziehen"},"content":{"rendered":"\n<p><\/p>\n\n\n\n<p class=\"has-medium-font-size\">Hier finden Sie eine Auswahl verschiedener Kleidungsst\u00fccke f\u00fcr Ihre liebsten oder f\u00fcr Sie selbst.<br>Eine Auswahl von aktuell verf\u00fcgbaren Stoffen erhalten Sie auf Anfrage.<\/p>\n\n\n\n<p><br><\/p>\n\n\n\n<div class=\"wp-block-columns is-layout-flex wp-container-core-columns-layout-1 wp-block-columns-is-layout-flex\">\n<div class=\"wp-block-column is-vertically-aligned-top is-layout-flow wp-block-column-is-layout-flow\">\n<div class=\"wp-block-image is-style-default\"><figure class=\"aligncenter size-medium is-resized\"><a href=\"http:\/\/elaskreativecke.de\/wp-content\/uploads\/2020\/10\/stirnband_1.jpeg\"><img loading=\"lazy\" decoding=\"async\" src=\"http:\/\/elaskreativecke.de\/wp-content\/uploads\/2020\/10\/stirnband_1-275x300.jpeg\" alt=\"Haarb\u00e4nder\" class=\"wp-image-448\" width=\"367\" height=\"400\" srcset=\"https:\/\/elaskreativecke.de\/wp-content\/uploads\/2020\/10\/stirnband_1-275x300.jpeg 275w, https:\/\/elaskreativecke.de\/wp-content\/uploads\/2020\/10\/stirnband_1-940x1024.jpeg 940w, https:\/\/elaskreativecke.de\/wp-content\/uploads\/2020\/10\/stirnband_1-768x837.jpeg 768w, https:\/\/elaskreativecke.de\/wp-content\/uploads\/2020\/10\/stirnband_1-1140x1242.jpeg 1140w, https:\/\/elaskreativecke.de\/wp-content\/uploads\/2020\/10\/stirnband_1.jpeg 1197w\" sizes=\"(max-width: 367px) 100vw, 367px\" \/><\/a><\/figure><\/div>\n<\/div>\n\n\n\n<div class=\"wp-block-column is-layout-flow wp-block-column-is-layout-flow\">\n<div class=\"wp-block-image is-style-default\"><figure class=\"aligncenter size-large is-resized\"><a href=\"http:\/\/elaskreativecke.de\/wp-content\/uploads\/2020\/07\/Sommerh\u00fctchen_13.jpg\"><img loading=\"lazy\" decoding=\"async\" src=\"http:\/\/elaskreativecke.de\/wp-content\/uploads\/2020\/07\/Sommerh\u00fctchen_13-1024x768.jpg\" alt=\"Sommerh\u00fctchen\" class=\"wp-image-427\" width=\"534\" height=\"400\" srcset=\"https:\/\/elaskreativecke.de\/wp-content\/uploads\/2020\/07\/Sommerh\u00fctchen_13-1024x768.jpg 1024w, https:\/\/elaskreativecke.de\/wp-content\/uploads\/2020\/07\/Sommerh\u00fctchen_13-300x225.jpg 300w, https:\/\/elaskreativecke.de\/wp-content\/uploads\/2020\/07\/Sommerh\u00fctchen_13-768x576.jpg 768w, https:\/\/elaskreativecke.de\/wp-content\/uploads\/2020\/07\/Sommerh\u00fctchen_13-1536x1152.jpg 1536w, https:\/\/elaskreativecke.de\/wp-content\/uploads\/2020\/07\/Sommerh\u00fctchen_13-1140x855.jpg 1140w, https:\/\/elaskreativecke.de\/wp-content\/uploads\/2020\/07\/Sommerh\u00fctchen_13.jpg 1600w\" sizes=\"(max-width: 534px) 100vw, 534px\" \/><\/a><\/figure><\/div>\n<\/div>\n<\/div>\n\n\n\n<div class=\"wp-block-columns is-layout-flex wp-container-core-columns-layout-2 wp-block-columns-is-layout-flex\">\n<div class=\"wp-block-column is-layout-flow wp-block-column-is-layout-flow\">\n<div class=\"wp-block-image is-style-default\"><figure class=\"aligncenter size-medium is-resized\"><a href=\"http:\/\/elaskreativecke.de\/wp-content\/uploads\/2020\/07\/Sommerh\u00fctchen_11.jpg\"><img loading=\"lazy\" decoding=\"async\" src=\"http:\/\/elaskreativecke.de\/wp-content\/uploads\/2020\/07\/Sommerh\u00fctchen_11-300x224.jpg\" alt=\"Sommerh\u00fctchen\" class=\"wp-image-425\" width=\"536\" height=\"400\" srcset=\"https:\/\/elaskreativecke.de\/wp-content\/uploads\/2020\/07\/Sommerh\u00fctchen_11-300x224.jpg 300w, https:\/\/elaskreativecke.de\/wp-content\/uploads\/2020\/07\/Sommerh\u00fctchen_11-1024x766.jpg 1024w, https:\/\/elaskreativecke.de\/wp-content\/uploads\/2020\/07\/Sommerh\u00fctchen_11-768x575.jpg 768w, https:\/\/elaskreativecke.de\/wp-content\/uploads\/2020\/07\/Sommerh\u00fctchen_11-1536x1149.jpg 1536w, https:\/\/elaskreativecke.de\/wp-content\/uploads\/2020\/07\/Sommerh\u00fctchen_11-1140x853.jpg 1140w, https:\/\/elaskreativecke.de\/wp-content\/uploads\/2020\/07\/Sommerh\u00fctchen_11.jpg 1600w\" sizes=\"(max-width: 536px) 100vw, 536px\" \/><\/a><\/figure><\/div>\n<\/div>\n\n\n\n<div class=\"wp-block-column is-layout-flow wp-block-column-is-layout-flow\">\n<div class=\"wp-block-image is-style-default\"><figure class=\"aligncenter size-medium is-resized\"><a href=\"http:\/\/elaskreativecke.de\/wp-content\/uploads\/2020\/07\/Sommerh\u00fctchen_12.jpg\"><img loading=\"lazy\" decoding=\"async\" src=\"http:\/\/elaskreativecke.de\/wp-content\/uploads\/2020\/07\/Sommerh\u00fctchen_12-300x209.jpg\" alt=\"Sommerh\u00fctchen\" class=\"wp-image-426\" width=\"577\" height=\"400\"\/><\/a><\/figure><\/div>\n<\/div>\n<\/div>\n\n\n\n<div class=\"wp-block-columns is-layout-flex wp-container-core-columns-layout-3 wp-block-columns-is-layout-flex\">\n<div class=\"wp-block-column is-layout-flow wp-block-column-is-layout-flow\">\n<div class=\"wp-block-image is-style-default\"><figure class=\"aligncenter size-large is-resized\"><a href=\"http:\/\/elaskreativecke.de\/wp-content\/uploads\/2021\/10\/Laetzchen_11.jpg\"><img loading=\"lazy\" decoding=\"async\" src=\"http:\/\/elaskreativecke.de\/wp-content\/uploads\/2021\/10\/Laetzchen_11-1024x697.jpg\" alt=\"\" class=\"wp-image-497\" width=\"589\" height=\"400\" srcset=\"https:\/\/elaskreativecke.de\/wp-content\/uploads\/2021\/10\/Laetzchen_11-1024x697.jpg 1024w, https:\/\/elaskreativecke.de\/wp-content\/uploads\/2021\/10\/Laetzchen_11-300x204.jpg 300w, https:\/\/elaskreativecke.de\/wp-content\/uploads\/2021\/10\/Laetzchen_11-768x523.jpg 768w, https:\/\/elaskreativecke.de\/wp-content\/uploads\/2021\/10\/Laetzchen_11-1536x1045.jpg 1536w, https:\/\/elaskreativecke.de\/wp-content\/uploads\/2021\/10\/Laetzchen_11-1140x776.jpg 1140w, https:\/\/elaskreativecke.de\/wp-content\/uploads\/2021\/10\/Laetzchen_11.jpg 1600w\" sizes=\"(max-width: 589px) 100vw, 589px\" \/><\/a><\/figure><\/div>\n<\/div>\n\n\n\n<div class=\"wp-block-column is-layout-flow wp-block-column-is-layout-flow\">\n<div class=\"wp-block-image is-style-default\"><figure class=\"aligncenter size-large is-resized\"><a href=\"http:\/\/elaskreativecke.de\/wp-content\/uploads\/2021\/10\/Laetzchen_10.jpg\"><img loading=\"lazy\" decoding=\"async\" src=\"http:\/\/elaskreativecke.de\/wp-content\/uploads\/2021\/10\/Laetzchen_10-1024x655.jpg\" alt=\"\" class=\"wp-image-496\" width=\"627\" height=\"400\" srcset=\"https:\/\/elaskreativecke.de\/wp-content\/uploads\/2021\/10\/Laetzchen_10-1024x655.jpg 1024w, https:\/\/elaskreativecke.de\/wp-content\/uploads\/2021\/10\/Laetzchen_10-300x192.jpg 300w, https:\/\/elaskreativecke.de\/wp-content\/uploads\/2021\/10\/Laetzchen_10-768x491.jpg 768w, https:\/\/elaskreativecke.de\/wp-content\/uploads\/2021\/10\/Laetzchen_10-1140x729.jpg 1140w, https:\/\/elaskreativecke.de\/wp-content\/uploads\/2021\/10\/Laetzchen_10.jpg 1280w\" sizes=\"(max-width: 627px) 100vw, 627px\" \/><\/a><\/figure><\/div>\n<\/div>\n<\/div>\n\n\n\n<div class=\"wp-block-columns is-layout-flex wp-container-core-columns-layout-4 wp-block-columns-is-layout-flex\">\n<div class=\"wp-block-column is-layout-flow wp-block-column-is-layout-flow\">\n<div class=\"wp-block-image is-style-default\"><figure class=\"aligncenter size-large is-resized\"><a href=\"http:\/\/elaskreativecke.de\/wp-content\/uploads\/2021\/10\/SET_10.jpg\"><img loading=\"lazy\" decoding=\"async\" src=\"http:\/\/elaskreativecke.de\/wp-content\/uploads\/2021\/10\/SET_10-1024x738.jpg\" alt=\"\" class=\"wp-image-505\" width=\"555\" height=\"400\" srcset=\"https:\/\/elaskreativecke.de\/wp-content\/uploads\/2021\/10\/SET_10-1024x738.jpg 1024w, https:\/\/elaskreativecke.de\/wp-content\/uploads\/2021\/10\/SET_10-300x216.jpg 300w, https:\/\/elaskreativecke.de\/wp-content\/uploads\/2021\/10\/SET_10-768x553.jpg 768w, https:\/\/elaskreativecke.de\/wp-content\/uploads\/2021\/10\/SET_10-1536x1107.jpg 1536w, https:\/\/elaskreativecke.de\/wp-content\/uploads\/2021\/10\/SET_10-1140x822.jpg 1140w, https:\/\/elaskreativecke.de\/wp-content\/uploads\/2021\/10\/SET_10.jpg 1600w\" sizes=\"(max-width: 555px) 100vw, 555px\" \/><\/a><\/figure><\/div>\n<\/div>\n\n\n\n<div class=\"wp-block-column is-layout-flow wp-block-column-is-layout-flow\">\n<div class=\"wp-block-image is-style-default\"><figure class=\"aligncenter size-large is-resized\"><a href=\"http:\/\/elaskreativecke.de\/wp-content\/uploads\/2020\/05\/rock_set_1.jpg\"><img loading=\"lazy\" decoding=\"async\" src=\"http:\/\/elaskreativecke.de\/wp-content\/uploads\/2020\/05\/rock_set_1-1024x768.jpg\" alt=\"Rock - Hose\" class=\"wp-image-207\" width=\"535\" height=\"400\" srcset=\"https:\/\/elaskreativecke.de\/wp-content\/uploads\/2020\/05\/rock_set_1-1024x768.jpg 1024w, https:\/\/elaskreativecke.de\/wp-content\/uploads\/2020\/05\/rock_set_1-300x225.jpg 300w, https:\/\/elaskreativecke.de\/wp-content\/uploads\/2020\/05\/rock_set_1-768x576.jpg 768w, https:\/\/elaskreativecke.de\/wp-content\/uploads\/2020\/05\/rock_set_1-1536x1152.jpg 1536w, https:\/\/elaskreativecke.de\/wp-content\/uploads\/2020\/05\/rock_set_1-1140x855.jpg 1140w, https:\/\/elaskreativecke.de\/wp-content\/uploads\/2020\/05\/rock_set_1.jpg 1600w\" sizes=\"(max-width: 535px) 100vw, 535px\" \/><\/a><\/figure><\/div>\n<\/div>\n<\/div>\n\n\n\n<div class=\"wp-block-columns is-layout-flex wp-container-core-columns-layout-5 wp-block-columns-is-layout-flex\">\n<div class=\"wp-block-column is-layout-flow wp-block-column-is-layout-flow\">\n<div class=\"wp-block-image is-style-default\"><figure class=\"aligncenter size-medium is-resized\"><a href=\"http:\/\/elaskreativecke.de\/wp-content\/uploads\/2020\/05\/rock_1.jpg\"><img loading=\"lazy\" decoding=\"async\" src=\"http:\/\/elaskreativecke.de\/wp-content\/uploads\/2020\/05\/rock_1-300x225.jpg\" alt=\"Rock\" class=\"wp-image-206\" width=\"533\" height=\"400\" srcset=\"https:\/\/elaskreativecke.de\/wp-content\/uploads\/2020\/05\/rock_1-300x225.jpg 300w, https:\/\/elaskreativecke.de\/wp-content\/uploads\/2020\/05\/rock_1-1024x768.jpg 1024w, https:\/\/elaskreativecke.de\/wp-content\/uploads\/2020\/05\/rock_1-768x576.jpg 768w, https:\/\/elaskreativecke.de\/wp-content\/uploads\/2020\/05\/rock_1-1536x1152.jpg 1536w, https:\/\/elaskreativecke.de\/wp-content\/uploads\/2020\/05\/rock_1-1140x855.jpg 1140w, https:\/\/elaskreativecke.de\/wp-content\/uploads\/2020\/05\/rock_1.jpg 1600w\" sizes=\"(max-width: 533px) 100vw, 533px\" \/><\/a><\/figure><\/div>\n<\/div>\n\n\n\n<div class=\"wp-block-column is-vertically-aligned-top is-layout-flow wp-block-column-is-layout-flow\">\n<div class=\"wp-block-image is-style-default\"><figure class=\"aligncenter size-medium is-resized\"><a href=\"http:\/\/elaskreativecke.de\/wp-content\/uploads\/2020\/05\/hose_1.jpg\"><img loading=\"lazy\" decoding=\"async\" src=\"http:\/\/elaskreativecke.de\/wp-content\/uploads\/2020\/05\/hose_1-265x300.jpg\" alt=\"Hose\" class=\"wp-image-190\" width=\"352\" height=\"399\" srcset=\"https:\/\/elaskreativecke.de\/wp-content\/uploads\/2020\/05\/hose_1-265x300.jpg 265w, https:\/\/elaskreativecke.de\/wp-content\/uploads\/2020\/05\/hose_1-905x1024.jpg 905w, https:\/\/elaskreativecke.de\/wp-content\/uploads\/2020\/05\/hose_1-768x869.jpg 768w, https:\/\/elaskreativecke.de\/wp-content\/uploads\/2020\/05\/hose_1-1140x1290.jpg 1140w, https:\/\/elaskreativecke.de\/wp-content\/uploads\/2020\/05\/hose_1.jpg 1200w\" sizes=\"(max-width: 352px) 100vw, 352px\" \/><\/a><\/figure><\/div>\n<\/div>\n<\/div>\n\n\n\n<div class=\"wp-block-columns is-layout-flex wp-container-core-columns-layout-6 wp-block-columns-is-layout-flex\">\n<div class=\"wp-block-column is-layout-flow wp-block-column-is-layout-flow\">\n<div class=\"wp-block-image is-style-default\"><figure class=\"aligncenter size-large is-resized\"><a href=\"http:\/\/elaskreativecke.de\/wp-content\/uploads\/2021\/10\/Armstulpen_10.jpg\"><img loading=\"lazy\" decoding=\"async\" src=\"http:\/\/elaskreativecke.de\/wp-content\/uploads\/2021\/10\/Armstulpen_10-768x1024.jpg\" alt=\"\" class=\"wp-image-484\" width=\"300\" height=\"400\" srcset=\"https:\/\/elaskreativecke.de\/wp-content\/uploads\/2021\/10\/Armstulpen_10-768x1024.jpg 768w, https:\/\/elaskreativecke.de\/wp-content\/uploads\/2021\/10\/Armstulpen_10-225x300.jpg 225w, https:\/\/elaskreativecke.de\/wp-content\/uploads\/2021\/10\/Armstulpen_10-1152x1536.jpg 1152w, https:\/\/elaskreativecke.de\/wp-content\/uploads\/2021\/10\/Armstulpen_10-1140x1520.jpg 1140w, https:\/\/elaskreativecke.de\/wp-content\/uploads\/2021\/10\/Armstulpen_10.jpg 1200w\" sizes=\"(max-width: 300px) 100vw, 300px\" \/><\/a><\/figure><\/div>\n<\/div>\n\n\n\n<div class=\"wp-block-column is-layout-flow wp-block-column-is-layout-flow\">\n<div class=\"wp-block-image is-style-default\"><figure class=\"aligncenter size-large is-resized\"><a href=\"http:\/\/elaskreativecke.de\/wp-content\/uploads\/2021\/10\/Armstulpen_11.jpg\"><img loading=\"lazy\" decoding=\"async\" src=\"http:\/\/elaskreativecke.de\/wp-content\/uploads\/2021\/10\/Armstulpen_11-768x1024.jpg\" alt=\"\" class=\"wp-image-485\" width=\"300\" height=\"400\" srcset=\"https:\/\/elaskreativecke.de\/wp-content\/uploads\/2021\/10\/Armstulpen_11-768x1024.jpg 768w, https:\/\/elaskreativecke.de\/wp-content\/uploads\/2021\/10\/Armstulpen_11-225x300.jpg 225w, https:\/\/elaskreativecke.de\/wp-content\/uploads\/2021\/10\/Armstulpen_11-1152x1536.jpg 1152w, https:\/\/elaskreativecke.de\/wp-content\/uploads\/2021\/10\/Armstulpen_11-1140x1520.jpg 1140w, https:\/\/elaskreativecke.de\/wp-content\/uploads\/2021\/10\/Armstulpen_11.jpg 1200w\" sizes=\"(max-width: 300px) 100vw, 300px\" \/><\/a><\/figure><\/div>\n<\/div>\n<\/div>\n\n\n\n<div class=\"wp-block-columns is-layout-flex wp-container-core-columns-layout-7 wp-block-columns-is-layout-flex\">\n<div class=\"wp-block-column is-vertically-aligned-top is-layout-flow wp-block-column-is-layout-flow\">\n<div class=\"wp-block-image is-style-default\"><figure class=\"aligncenter size-large is-resized\"><a href=\"http:\/\/elaskreativecke.de\/wp-content\/uploads\/2021\/10\/Armstulpen_12.jpg\"><img loading=\"lazy\" decoding=\"async\" src=\"http:\/\/elaskreativecke.de\/wp-content\/uploads\/2021\/10\/Armstulpen_12-768x1024.jpg\" alt=\"\" class=\"wp-image-486\" width=\"300\" height=\"400\" srcset=\"https:\/\/elaskreativecke.de\/wp-content\/uploads\/2021\/10\/Armstulpen_12-768x1024.jpg 768w, https:\/\/elaskreativecke.de\/wp-content\/uploads\/2021\/10\/Armstulpen_12-225x300.jpg 225w, https:\/\/elaskreativecke.de\/wp-content\/uploads\/2021\/10\/Armstulpen_12-1152x1536.jpg 1152w, https:\/\/elaskreativecke.de\/wp-content\/uploads\/2021\/10\/Armstulpen_12-1140x1520.jpg 1140w, https:\/\/elaskreativecke.de\/wp-content\/uploads\/2021\/10\/Armstulpen_12.jpg 1200w\" sizes=\"(max-width: 300px) 100vw, 300px\" \/><\/a><\/figure><\/div>\n<\/div>\n\n\n\n<div class=\"wp-block-column is-vertically-aligned-top is-layout-flow wp-block-column-is-layout-flow\">\n<div class=\"wp-block-image is-style-default\"><figure class=\"aligncenter size-medium is-resized\"><a href=\"http:\/\/elaskreativecke.de\/wp-content\/uploads\/2020\/05\/m\u00fctze_set_1.jpg\"><img loading=\"lazy\" decoding=\"async\" src=\"http:\/\/elaskreativecke.de\/wp-content\/uploads\/2020\/05\/m\u00fctze_set_1-300x225.jpg\" alt=\"M\u00fctzen - Halst\u00fccher\" class=\"wp-image-203\" width=\"534\" height=\"400\" srcset=\"https:\/\/elaskreativecke.de\/wp-content\/uploads\/2020\/05\/m\u00fctze_set_1-300x225.jpg 300w, https:\/\/elaskreativecke.de\/wp-content\/uploads\/2020\/05\/m\u00fctze_set_1-1024x768.jpg 1024w, https:\/\/elaskreativecke.de\/wp-content\/uploads\/2020\/05\/m\u00fctze_set_1-768x576.jpg 768w, https:\/\/elaskreativecke.de\/wp-content\/uploads\/2020\/05\/m\u00fctze_set_1-1536x1152.jpg 1536w, https:\/\/elaskreativecke.de\/wp-content\/uploads\/2020\/05\/m\u00fctze_set_1-1140x855.jpg 1140w, https:\/\/elaskreativecke.de\/wp-content\/uploads\/2020\/05\/m\u00fctze_set_1.jpg 1600w\" sizes=\"(max-width: 534px) 100vw, 534px\" \/><\/a><\/figure><\/div>\n<\/div>\n<\/div>\n\n\n\n<div class=\"wp-block-columns is-layout-flex wp-container-core-columns-layout-8 wp-block-columns-is-layout-flex\">\n<div class=\"wp-block-column is-layout-flow wp-block-column-is-layout-flow\">\n<div class=\"wp-block-image is-style-default\"><figure class=\"aligncenter size-medium is-resized\"><a href=\"http:\/\/elaskreativecke.de\/wp-content\/uploads\/2020\/05\/m\u00fctze_set_3.jpg\"><img loading=\"lazy\" decoding=\"async\" src=\"http:\/\/elaskreativecke.de\/wp-content\/uploads\/2020\/05\/m\u00fctze_set_3-203x300.jpg\" alt=\"M\u00fctze - Loop\" class=\"wp-image-205\" width=\"270\" height=\"400\" srcset=\"https:\/\/elaskreativecke.de\/wp-content\/uploads\/2020\/05\/m\u00fctze_set_3-203x300.jpg 203w, https:\/\/elaskreativecke.de\/wp-content\/uploads\/2020\/05\/m\u00fctze_set_3-693x1024.jpg 693w, https:\/\/elaskreativecke.de\/wp-content\/uploads\/2020\/05\/m\u00fctze_set_3-768x1134.jpg 768w, https:\/\/elaskreativecke.de\/wp-content\/uploads\/2020\/05\/m\u00fctze_set_3.jpg 900w\" sizes=\"(max-width: 270px) 100vw, 270px\" \/><\/a><\/figure><\/div>\n<\/div>\n\n\n\n<div class=\"wp-block-column is-layout-flow wp-block-column-is-layout-flow\">\n<div class=\"wp-block-image is-style-default\"><figure class=\"aligncenter size-medium is-resized\"><a href=\"http:\/\/elaskreativecke.de\/wp-content\/uploads\/2020\/05\/m\u00fctze_set_2.jpg\"><img loading=\"lazy\" decoding=\"async\" src=\"http:\/\/elaskreativecke.de\/wp-content\/uploads\/2020\/05\/m\u00fctze_set_2-300x225.jpg\" alt=\"M\u00fctze - Schal\" class=\"wp-image-204\" width=\"533\" height=\"400\" srcset=\"https:\/\/elaskreativecke.de\/wp-content\/uploads\/2020\/05\/m\u00fctze_set_2-300x225.jpg 300w, https:\/\/elaskreativecke.de\/wp-content\/uploads\/2020\/05\/m\u00fctze_set_2-1024x768.jpg 1024w, https:\/\/elaskreativecke.de\/wp-content\/uploads\/2020\/05\/m\u00fctze_set_2-768x576.jpg 768w, https:\/\/elaskreativecke.de\/wp-content\/uploads\/2020\/05\/m\u00fctze_set_2-1536x1152.jpg 1536w, https:\/\/elaskreativecke.de\/wp-content\/uploads\/2020\/05\/m\u00fctze_set_2-1140x855.jpg 1140w, https:\/\/elaskreativecke.de\/wp-content\/uploads\/2020\/05\/m\u00fctze_set_2.jpg 1600w\" sizes=\"(max-width: 533px) 100vw, 533px\" \/><\/a><\/figure><\/div>\n<\/div>\n<\/div>\n\n\n\n<div class=\"wp-block-columns is-layout-flex wp-container-core-columns-layout-9 wp-block-columns-is-layout-flex\">\n<div class=\"wp-block-column is-vertically-aligned-top is-layout-flow wp-block-column-is-layout-flow\">\n<div class=\"wp-block-image is-style-default\"><figure class=\"aligncenter size-medium is-resized\"><a href=\"http:\/\/elaskreativecke.de\/wp-content\/uploads\/2020\/05\/loop_2.jpg\"><img loading=\"lazy\" decoding=\"async\" src=\"http:\/\/elaskreativecke.de\/wp-content\/uploads\/2020\/05\/loop_2-169x300.jpg\" alt=\"Loops\" class=\"wp-image-193\" width=\"225\" height=\"400\" srcset=\"https:\/\/elaskreativecke.de\/wp-content\/uploads\/2020\/05\/loop_2-169x300.jpg 169w, https:\/\/elaskreativecke.de\/wp-content\/uploads\/2020\/05\/loop_2-576x1024.jpg 576w, https:\/\/elaskreativecke.de\/wp-content\/uploads\/2020\/05\/loop_2-768x1365.jpg 768w, https:\/\/elaskreativecke.de\/wp-content\/uploads\/2020\/05\/loop_2-864x1536.jpg 864w, https:\/\/elaskreativecke.de\/wp-content\/uploads\/2020\/05\/loop_2.jpg 900w\" sizes=\"(max-width: 225px) 100vw, 225px\" \/><\/a><\/figure><\/div>\n<\/div>\n\n\n\n<div class=\"wp-block-column is-layout-flow wp-block-column-is-layout-flow\">\n<div class=\"wp-block-image is-style-default\"><figure class=\"aligncenter size-medium is-resized\"><a href=\"http:\/\/elaskreativecke.de\/wp-content\/uploads\/2020\/05\/loop_1.jpg\"><img loading=\"lazy\" decoding=\"async\" src=\"http:\/\/elaskreativecke.de\/wp-content\/uploads\/2020\/05\/loop_1-300x241.jpg\" alt=\"Loop\" class=\"wp-image-192\" width=\"497\" height=\"400\" srcset=\"https:\/\/elaskreativecke.de\/wp-content\/uploads\/2020\/05\/loop_1-300x241.jpg 300w, https:\/\/elaskreativecke.de\/wp-content\/uploads\/2020\/05\/loop_1-1024x824.jpg 1024w, https:\/\/elaskreativecke.de\/wp-content\/uploads\/2020\/05\/loop_1-768x618.jpg 768w, https:\/\/elaskreativecke.de\/wp-content\/uploads\/2020\/05\/loop_1-1140x917.jpg 1140w, https:\/\/elaskreativecke.de\/wp-content\/uploads\/2020\/05\/loop_1.jpg 1197w\" sizes=\"(max-width: 497px) 100vw, 497px\" \/><\/a><\/figure><\/div>\n<\/div>\n<\/div>\n","protected":false},"excerpt":{"rendered":"<p>Hier finden Sie eine Auswahl verschiedener Kleidungsst\u00fccke f\u00fcr Ihre liebsten oder f\u00fcr Sie selbst.Eine Auswahl von aktuell verf\u00fcgbaren Stoffen erhalten Sie auf Anfrage.<\/p>\n","protected":false},"author":1,"featured_media":0,"parent":0,"menu_order":0,"comment_status":"closed","ping_status":"closed","template":"","meta":{"footnotes":""},"_links":{"self":[{"href":"https:\/\/elaskreativecke.de\/index.php?rest_route=\/wp\/v2\/pages\/150"}],"collection":[{"href":"https:\/\/elaskreativecke.de\/index.php?rest_route=\/wp\/v2\/pages"}],"about":[{"href":"https:\/\/elaskreativecke.de\/index.php?rest_route=\/wp\/v2\/types\/page"}],"author":[{"embeddable":true,"href":"https:\/\/elaskreativecke.de\/index.php?rest_route=\/wp\/v2\/users\/1"}],"replies":[{"embeddable":true,"href":"https:\/\/elaskreativecke.de\/index.php?rest_route=%2Fwp%2Fv2%2Fcomments&post=150"}],"version-history":[{"count":14,"href":"https:\/\/elaskreativecke.de\/index.php?rest_route=\/wp\/v2\/pages\/150\/revisions"}],"predecessor-version":[{"id":563,"href":"https:\/\/elaskreativecke.de\/index.php?rest_route=\/wp\/v2\/pages\/150\/revisions\/563"}],"wp:attachment":[{"href":"https:\/\/elaskreativecke.de\/index.php?rest_route=%2Fwp%2Fv2%2Fmedia&parent=150"}],"curies":[{"name":"wp","href":"https:\/\/api.w.org\/{rel}","templated":true}]}}