{"id":134,"date":"2020-05-22T11:08:56","date_gmt":"2020-05-22T11:08:56","guid":{"rendered":"http:\/\/elaskreativecke.de\/?page_id=134"},"modified":"2021-10-20T11:19:24","modified_gmt":"2021-10-20T09:19:24","slug":"kreative-ideen","status":"publish","type":"page","link":"https:\/\/elaskreativecke.de\/?page_id=134","title":{"rendered":"Kreative Ideen"},"content":{"rendered":"\n<p><\/p>\n\n\n\n<p class=\"has-medium-font-size\">Viele kreative Ideen finden Sie auf dieser Seite.<br>Eine aktuelle Auswahl an Stoffen f\u00fcr meine Produkte erhalten Sie auf Anfrage.<\/p>\n\n\n\n<p><br><\/p>\n\n\n\n\n\n<h2 class=\"wp-block-heading\">Schult\u00fcte<\/h2>\n\n\n\n<div class=\"wp-block-image is-style-default\"><figure class=\"aligncenter size-large is-resized\"><a href=\"http:\/\/elaskreativecke.de\/wp-content\/uploads\/2021\/10\/Schultuete_10-e1634681542243.jpg\"><img loading=\"lazy\" decoding=\"async\" src=\"http:\/\/elaskreativecke.de\/wp-content\/uploads\/2021\/10\/Schultuete_10-e1634681542243-1024x461.jpg\" alt=\"\" class=\"wp-image-504\" width=\"892\" height=\"400\" srcset=\"https:\/\/elaskreativecke.de\/wp-content\/uploads\/2021\/10\/Schultuete_10-e1634681542243-300x135.jpg 300w, https:\/\/elaskreativecke.de\/wp-content\/uploads\/2021\/10\/Schultuete_10-e1634681542243-1140x513.jpg 1140w, https:\/\/elaskreativecke.de\/wp-content\/uploads\/2021\/10\/Schultuete_10-e1634681542243.jpg 1440w\" sizes=\"(max-width: 892px) 100vw, 892px\" \/><\/a><\/figure><\/div>\n\n\n\n<p><br><\/p>\n\n\n\n\n\n<h2 class=\"wp-block-heading\">H\u00e4ngeregister mit Kissenbez\u00fcgen und Untensilos<\/h2>\n\n\n\n<div class=\"wp-block-columns are-vertically-aligned-top is-layout-flex wp-container-core-columns-layout-1 wp-block-columns-is-layout-flex\">\n<div class=\"wp-block-column is-vertically-aligned-top is-layout-flow wp-block-column-is-layout-flow\">\n<div class=\"wp-block-image is-style-default\"><figure class=\"aligncenter size-large is-resized\"><a href=\"http:\/\/elaskreativecke.de\/wp-content\/uploads\/2021\/10\/HAeNG_KIS_UTE_10.jpg\"><img loading=\"lazy\" decoding=\"async\" src=\"http:\/\/elaskreativecke.de\/wp-content\/uploads\/2021\/10\/HAeNG_KIS_UTE_10-1024x1024.jpg\" alt=\"\" class=\"wp-image-487\" width=\"400\" height=\"400\" srcset=\"https:\/\/elaskreativecke.de\/wp-content\/uploads\/2021\/10\/HAeNG_KIS_UTE_10-1024x1024.jpg 1024w, https:\/\/elaskreativecke.de\/wp-content\/uploads\/2021\/10\/HAeNG_KIS_UTE_10-300x300.jpg 300w, https:\/\/elaskreativecke.de\/wp-content\/uploads\/2021\/10\/HAeNG_KIS_UTE_10-150x150.jpg 150w, https:\/\/elaskreativecke.de\/wp-content\/uploads\/2021\/10\/HAeNG_KIS_UTE_10-768x768.jpg 768w, https:\/\/elaskreativecke.de\/wp-content\/uploads\/2021\/10\/HAeNG_KIS_UTE_10-1536x1536.jpg 1536w, https:\/\/elaskreativecke.de\/wp-content\/uploads\/2021\/10\/HAeNG_KIS_UTE_10-1140x1140.jpg 1140w, https:\/\/elaskreativecke.de\/wp-content\/uploads\/2021\/10\/HAeNG_KIS_UTE_10-75x75.jpg 75w, https:\/\/elaskreativecke.de\/wp-content\/uploads\/2021\/10\/HAeNG_KIS_UTE_10.jpg 1600w\" sizes=\"(max-width: 400px) 100vw, 400px\" \/><\/a><\/figure><\/div>\n<\/div>\n\n\n\n<div class=\"wp-block-column is-vertically-aligned-top is-layout-flow wp-block-column-is-layout-flow\">\n<div class=\"wp-block-image is-style-default\"><figure class=\"aligncenter size-large is-resized\"><a href=\"http:\/\/elaskreativecke.de\/wp-content\/uploads\/2021\/10\/HAeNG_KIS_UTE_11.jpg\"><img loading=\"lazy\" decoding=\"async\" src=\"http:\/\/elaskreativecke.de\/wp-content\/uploads\/2021\/10\/HAeNG_KIS_UTE_11-576x1024.jpg\" alt=\"\" class=\"wp-image-488\" width=\"225\" height=\"400\" srcset=\"https:\/\/elaskreativecke.de\/wp-content\/uploads\/2021\/10\/HAeNG_KIS_UTE_11-576x1024.jpg 576w, https:\/\/elaskreativecke.de\/wp-content\/uploads\/2021\/10\/HAeNG_KIS_UTE_11-169x300.jpg 169w, https:\/\/elaskreativecke.de\/wp-content\/uploads\/2021\/10\/HAeNG_KIS_UTE_11-768x1365.jpg 768w, https:\/\/elaskreativecke.de\/wp-content\/uploads\/2021\/10\/HAeNG_KIS_UTE_11-864x1536.jpg 864w, https:\/\/elaskreativecke.de\/wp-content\/uploads\/2021\/10\/HAeNG_KIS_UTE_11.jpg 900w\" sizes=\"(max-width: 225px) 100vw, 225px\" \/><\/a><\/figure><\/div>\n<\/div>\n<\/div>\n\n\n\n<p><br><\/p>\n\n\n\n\n\n<h2 class=\"wp-block-heading\">Taschentuchsofas<\/h2>\n\n\n\n<div class=\"wp-block-columns are-vertically-aligned-top is-layout-flex wp-container-core-columns-layout-2 wp-block-columns-is-layout-flex\">\n<div class=\"wp-block-column is-vertically-aligned-top is-layout-flow wp-block-column-is-layout-flow\">\n<div class=\"wp-block-image is-style-default\"><figure class=\"aligncenter size-medium is-resized\"><a href=\"http:\/\/elaskreativecke.de\/wp-content\/uploads\/2020\/05\/sofa_1.jpg\"><img loading=\"lazy\" decoding=\"async\" src=\"http:\/\/elaskreativecke.de\/wp-content\/uploads\/2020\/05\/sofa_1-225x300.jpg\" alt=\"Taschentuchsofa\" class=\"wp-image-208\" width=\"300\" height=\"400\" srcset=\"https:\/\/elaskreativecke.de\/wp-content\/uploads\/2020\/05\/sofa_1-225x300.jpg 225w, https:\/\/elaskreativecke.de\/wp-content\/uploads\/2020\/05\/sofa_1-768x1024.jpg 768w, https:\/\/elaskreativecke.de\/wp-content\/uploads\/2020\/05\/sofa_1-1152x1536.jpg 1152w, https:\/\/elaskreativecke.de\/wp-content\/uploads\/2020\/05\/sofa_1-1140x1520.jpg 1140w, https:\/\/elaskreativecke.de\/wp-content\/uploads\/2020\/05\/sofa_1.jpg 1200w\" sizes=\"(max-width: 300px) 100vw, 300px\" \/><\/a><\/figure><\/div>\n<\/div>\n\n\n\n<div class=\"wp-block-column is-vertically-aligned-top is-layout-flow wp-block-column-is-layout-flow\">\n<div class=\"wp-block-image is-style-default\"><figure class=\"aligncenter size-medium is-resized\"><a href=\"http:\/\/elaskreativecke.de\/wp-content\/uploads\/2020\/05\/sofa_2.jpg\"><img loading=\"lazy\" decoding=\"async\" src=\"http:\/\/elaskreativecke.de\/wp-content\/uploads\/2020\/05\/sofa_2-300x169.jpg\" alt=\"Taschentuchsofa\" class=\"wp-image-209\" width=\"709\" height=\"400\" srcset=\"https:\/\/elaskreativecke.de\/wp-content\/uploads\/2020\/05\/sofa_2-300x169.jpg 300w, https:\/\/elaskreativecke.de\/wp-content\/uploads\/2020\/05\/sofa_2-1024x576.jpg 1024w, https:\/\/elaskreativecke.de\/wp-content\/uploads\/2020\/05\/sofa_2-768x432.jpg 768w, https:\/\/elaskreativecke.de\/wp-content\/uploads\/2020\/05\/sofa_2-1536x864.jpg 1536w, https:\/\/elaskreativecke.de\/wp-content\/uploads\/2020\/05\/sofa_2-1140x641.jpg 1140w, https:\/\/elaskreativecke.de\/wp-content\/uploads\/2020\/05\/sofa_2.jpg 1600w\" sizes=\"(max-width: 709px) 100vw, 709px\" \/><\/a><\/figure><\/div>\n<\/div>\n<\/div>\n\n\n\n<p><br><\/p>\n\n\n\n\n\n<h2 class=\"wp-block-heading\">Dekokugeln<\/h2>\n\n\n<div class=\"wp-block-group\"><\/div>\n\n\n<div class=\"wp-block-columns is-layout-flex wp-container-core-columns-layout-3 wp-block-columns-is-layout-flex\">\n<div class=\"wp-block-column is-vertically-aligned-top is-layout-flow wp-block-column-is-layout-flow\">\n<div class=\"wp-block-image is-style-default\"><figure class=\"aligncenter size-medium is-resized\"><a href=\"http:\/\/elaskreativecke.de\/wp-content\/uploads\/2020\/05\/Dekokugel_1.jpeg\"><img loading=\"lazy\" decoding=\"async\" src=\"http:\/\/elaskreativecke.de\/wp-content\/uploads\/2020\/05\/Dekokugel_1-300x221.jpeg\" alt=\"Dekokugel\" class=\"wp-image-246\" width=\"544\" height=\"400\" srcset=\"https:\/\/elaskreativecke.de\/wp-content\/uploads\/2020\/05\/Dekokugel_1-300x221.jpeg 300w, https:\/\/elaskreativecke.de\/wp-content\/uploads\/2020\/05\/Dekokugel_1.jpeg 720w\" sizes=\"(max-width: 544px) 100vw, 544px\" \/><\/a><\/figure><\/div>\n<\/div>\n\n\n\n<div class=\"wp-block-column is-vertically-aligned-top is-layout-flow wp-block-column-is-layout-flow\">\n<div class=\"wp-block-image is-style-default\"><figure class=\"aligncenter size-medium is-resized\"><a href=\"http:\/\/elaskreativecke.de\/wp-content\/uploads\/2020\/05\/Dekokugel_2.jpeg\"><img loading=\"lazy\" decoding=\"async\" src=\"http:\/\/elaskreativecke.de\/wp-content\/uploads\/2020\/05\/Dekokugel_2-269x300.jpeg\" alt=\"Dekokugel\" class=\"wp-image-245\" width=\"358\" height=\"400\" srcset=\"https:\/\/elaskreativecke.de\/wp-content\/uploads\/2020\/05\/Dekokugel_2-269x300.jpeg 269w, https:\/\/elaskreativecke.de\/wp-content\/uploads\/2020\/05\/Dekokugel_2.jpeg 720w\" sizes=\"(max-width: 358px) 100vw, 358px\" \/><\/a><\/figure><\/div>\n<\/div>\n<\/div>\n\n\n\n\n\n<p><br><\/p>\n\n\n\n\n\n<h2 class=\"wp-block-heading\">Utensilos<\/h2>\n\n\n\n<div class=\"wp-block-columns is-layout-flex wp-container-core-columns-layout-4 wp-block-columns-is-layout-flex\">\n<div class=\"wp-block-column is-vertically-aligned-top is-layout-flow wp-block-column-is-layout-flow\">\n<div class=\"wp-block-image is-style-default\"><figure class=\"aligncenter size-medium is-resized\"><a href=\"http:\/\/elaskreativecke.de\/wp-content\/uploads\/2020\/07\/Utensilo_10.jpg\"><img loading=\"lazy\" decoding=\"async\" src=\"http:\/\/elaskreativecke.de\/wp-content\/uploads\/2020\/07\/Utensilo_10-225x300.jpg\" alt=\"Utensilo\" class=\"wp-image-417\" width=\"300\" height=\"400\" srcset=\"https:\/\/elaskreativecke.de\/wp-content\/uploads\/2020\/07\/Utensilo_10-225x300.jpg 225w, https:\/\/elaskreativecke.de\/wp-content\/uploads\/2020\/07\/Utensilo_10-768x1024.jpg 768w, https:\/\/elaskreativecke.de\/wp-content\/uploads\/2020\/07\/Utensilo_10-1152x1536.jpg 1152w, https:\/\/elaskreativecke.de\/wp-content\/uploads\/2020\/07\/Utensilo_10-1140x1520.jpg 1140w, https:\/\/elaskreativecke.de\/wp-content\/uploads\/2020\/07\/Utensilo_10.jpg 1200w\" sizes=\"(max-width: 300px) 100vw, 300px\" \/><\/a><\/figure><\/div>\n<\/div>\n\n\n\n<div class=\"wp-block-column is-vertically-aligned-top is-layout-flow wp-block-column-is-layout-flow\">\n<div class=\"wp-block-image is-style-default\"><figure class=\"aligncenter size-large is-resized\"><a href=\"http:\/\/elaskreativecke.de\/wp-content\/uploads\/2021\/10\/Utensilo_10.jpg\"><img loading=\"lazy\" decoding=\"async\" src=\"http:\/\/elaskreativecke.de\/wp-content\/uploads\/2021\/10\/Utensilo_10-707x1024.jpg\" alt=\"\" class=\"wp-image-508\" width=\"277\" height=\"400\" srcset=\"https:\/\/elaskreativecke.de\/wp-content\/uploads\/2021\/10\/Utensilo_10-707x1024.jpg 707w, https:\/\/elaskreativecke.de\/wp-content\/uploads\/2021\/10\/Utensilo_10-207x300.jpg 207w, https:\/\/elaskreativecke.de\/wp-content\/uploads\/2021\/10\/Utensilo_10-768x1112.jpg 768w, https:\/\/elaskreativecke.de\/wp-content\/uploads\/2021\/10\/Utensilo_10-1061x1536.jpg 1061w, https:\/\/elaskreativecke.de\/wp-content\/uploads\/2021\/10\/Utensilo_10.jpg 1079w\" sizes=\"(max-width: 277px) 100vw, 277px\" \/><\/a><\/figure><\/div>\n<\/div>\n<\/div>\n\n\n\n<div class=\"wp-block-columns is-layout-flex wp-container-core-columns-layout-5 wp-block-columns-is-layout-flex\">\n<div class=\"wp-block-column is-vertically-aligned-top is-layout-flow wp-block-column-is-layout-flow\">\n<div class=\"wp-block-image is-style-default\"><figure class=\"aligncenter size-medium is-resized\"><a href=\"http:\/\/elaskreativecke.de\/wp-content\/uploads\/2020\/07\/Utensilo_13.jpg\"><img loading=\"lazy\" decoding=\"async\" src=\"http:\/\/elaskreativecke.de\/wp-content\/uploads\/2020\/07\/Utensilo_13-225x300.jpg\" alt=\"Utensilo\" class=\"wp-image-419\" width=\"300\" height=\"400\" srcset=\"https:\/\/elaskreativecke.de\/wp-content\/uploads\/2020\/07\/Utensilo_13-225x300.jpg 225w, https:\/\/elaskreativecke.de\/wp-content\/uploads\/2020\/07\/Utensilo_13-768x1024.jpg 768w, https:\/\/elaskreativecke.de\/wp-content\/uploads\/2020\/07\/Utensilo_13-1152x1536.jpg 1152w, https:\/\/elaskreativecke.de\/wp-content\/uploads\/2020\/07\/Utensilo_13-1140x1520.jpg 1140w, https:\/\/elaskreativecke.de\/wp-content\/uploads\/2020\/07\/Utensilo_13.jpg 1200w\" sizes=\"(max-width: 300px) 100vw, 300px\" \/><\/a><\/figure><\/div>\n<\/div>\n\n\n\n<div class=\"wp-block-column is-vertically-aligned-top is-layout-flow wp-block-column-is-layout-flow\">\n<div class=\"wp-block-image is-style-default\"><figure class=\"aligncenter size-large is-resized\"><a href=\"http:\/\/elaskreativecke.de\/wp-content\/uploads\/2020\/07\/Utensilo_12.jpg\"><img loading=\"lazy\" decoding=\"async\" src=\"http:\/\/elaskreativecke.de\/wp-content\/uploads\/2020\/07\/Utensilo_12-768x1024.jpg\" alt=\"\" class=\"wp-image-418\" width=\"301\" height=\"400\" srcset=\"https:\/\/elaskreativecke.de\/wp-content\/uploads\/2020\/07\/Utensilo_12-768x1024.jpg 768w, https:\/\/elaskreativecke.de\/wp-content\/uploads\/2020\/07\/Utensilo_12-225x300.jpg 225w, https:\/\/elaskreativecke.de\/wp-content\/uploads\/2020\/07\/Utensilo_12-1152x1536.jpg 1152w, https:\/\/elaskreativecke.de\/wp-content\/uploads\/2020\/07\/Utensilo_12-1140x1520.jpg 1140w, https:\/\/elaskreativecke.de\/wp-content\/uploads\/2020\/07\/Utensilo_12.jpg 1200w\" sizes=\"(max-width: 301px) 100vw, 301px\" \/><\/a><\/figure><\/div>\n<\/div>\n<\/div>\n\n\n\n<div class=\"wp-block-columns is-layout-flex wp-container-core-columns-layout-6 wp-block-columns-is-layout-flex\">\n<div class=\"wp-block-column is-vertically-aligned-top is-layout-flow wp-block-column-is-layout-flow\">\n<div class=\"wp-block-image is-style-default\"><figure class=\"aligncenter size-medium is-resized\"><a href=\"http:\/\/elaskreativecke.de\/wp-content\/uploads\/2020\/05\/utensilo_2.jpg\"><img loading=\"lazy\" decoding=\"async\" src=\"http:\/\/elaskreativecke.de\/wp-content\/uploads\/2020\/05\/utensilo_2-240x300.jpg\" alt=\"Utensilo\" class=\"wp-image-212\" width=\"320\" height=\"400\" srcset=\"https:\/\/elaskreativecke.de\/wp-content\/uploads\/2020\/05\/utensilo_2-240x300.jpg 240w, https:\/\/elaskreativecke.de\/wp-content\/uploads\/2020\/05\/utensilo_2-819x1024.jpg 819w, https:\/\/elaskreativecke.de\/wp-content\/uploads\/2020\/05\/utensilo_2-768x960.jpg 768w, https:\/\/elaskreativecke.de\/wp-content\/uploads\/2020\/05\/utensilo_2.jpg 900w\" sizes=\"(max-width: 320px) 100vw, 320px\" \/><\/a><\/figure><\/div>\n<\/div>\n\n\n\n<div class=\"wp-block-column is-vertically-aligned-top is-layout-flow wp-block-column-is-layout-flow\">\n<div class=\"wp-block-image is-style-default\"><figure class=\"aligncenter size-large is-resized\"><a href=\"http:\/\/elaskreativecke.de\/wp-content\/uploads\/2020\/05\/utensilo_1.jpg\"><img loading=\"lazy\" decoding=\"async\" src=\"http:\/\/elaskreativecke.de\/wp-content\/uploads\/2020\/05\/utensilo_1-888x1024.jpg\" alt=\"Utensilo\" class=\"wp-image-211\" width=\"347\" height=\"400\" srcset=\"https:\/\/elaskreativecke.de\/wp-content\/uploads\/2020\/05\/utensilo_1-888x1024.jpg 888w, https:\/\/elaskreativecke.de\/wp-content\/uploads\/2020\/05\/utensilo_1-260x300.jpg 260w, https:\/\/elaskreativecke.de\/wp-content\/uploads\/2020\/05\/utensilo_1-768x886.jpg 768w, https:\/\/elaskreativecke.de\/wp-content\/uploads\/2020\/05\/utensilo_1.jpg 900w\" sizes=\"(max-width: 347px) 100vw, 347px\" \/><\/a><\/figure><\/div>\n<\/div>\n<\/div>\n\n\n\n<div class=\"wp-block-image is-style-default\"><figure class=\"aligncenter size-large is-resized\"><a href=\"http:\/\/elaskreativecke.de\/wp-content\/uploads\/2020\/05\/utensilo_3.jpg\"><img loading=\"lazy\" decoding=\"async\" src=\"http:\/\/elaskreativecke.de\/wp-content\/uploads\/2020\/05\/utensilo_3-880x1024.jpg\" alt=\"Utensilo\" class=\"wp-image-213\" width=\"344\" height=\"400\" srcset=\"https:\/\/elaskreativecke.de\/wp-content\/uploads\/2020\/05\/utensilo_3-880x1024.jpg 880w, https:\/\/elaskreativecke.de\/wp-content\/uploads\/2020\/05\/utensilo_3-258x300.jpg 258w, https:\/\/elaskreativecke.de\/wp-content\/uploads\/2020\/05\/utensilo_3-768x893.jpg 768w, https:\/\/elaskreativecke.de\/wp-content\/uploads\/2020\/05\/utensilo_3.jpg 900w\" sizes=\"(max-width: 344px) 100vw, 344px\" \/><\/a><\/figure><\/div>\n\n\n\n<p><br><\/p>\n\n\n\n\n\n<h2 class=\"wp-block-heading\">T\u00fcrschilder<\/h2>\n\n\n\n<div class=\"wp-block-image is-style-default\"><figure class=\"aligncenter size-medium is-resized\"><a href=\"http:\/\/elaskreativecke.de\/wp-content\/uploads\/2020\/05\/Schild_1.jpg\"><img loading=\"lazy\" decoding=\"async\" src=\"http:\/\/elaskreativecke.de\/wp-content\/uploads\/2020\/05\/Schild_1-300x277.jpg\" alt=\"T\u00fcrschild\" class=\"wp-image-251\" width=\"435\" height=\"400\" srcset=\"https:\/\/elaskreativecke.de\/wp-content\/uploads\/2020\/05\/Schild_1-300x277.jpg 300w, https:\/\/elaskreativecke.de\/wp-content\/uploads\/2020\/05\/Schild_1-1024x945.jpg 1024w, https:\/\/elaskreativecke.de\/wp-content\/uploads\/2020\/05\/Schild_1-768x708.jpg 768w, https:\/\/elaskreativecke.de\/wp-content\/uploads\/2020\/05\/Schild_1-1140x1052.jpg 1140w, https:\/\/elaskreativecke.de\/wp-content\/uploads\/2020\/05\/Schild_1.jpg 1200w\" sizes=\"(max-width: 435px) 100vw, 435px\" \/><\/a><\/figure><\/div>\n","protected":false},"excerpt":{"rendered":"<p>Viele kreative Ideen finden Sie auf dieser Seite.Eine aktuelle Auswahl an Stoffen f\u00fcr meine Produkte erhalten Sie auf Anfrage. Schult\u00fcte H\u00e4ngeregister mit Kissenbez\u00fcgen und Untensilos Taschentuchsofas Dekokugeln Utensilos T\u00fcrschilder<\/p>\n","protected":false},"author":1,"featured_media":0,"parent":0,"menu_order":0,"comment_status":"closed","ping_status":"closed","template":"","meta":{"footnotes":""},"_links":{"self":[{"href":"https:\/\/elaskreativecke.de\/index.php?rest_route=\/wp\/v2\/pages\/134"}],"collection":[{"href":"https:\/\/elaskreativecke.de\/index.php?rest_route=\/wp\/v2\/pages"}],"about":[{"href":"https:\/\/elaskreativecke.de\/index.php?rest_route=\/wp\/v2\/types\/page"}],"author":[{"embeddable":true,"href":"https:\/\/elaskreativecke.de\/index.php?rest_route=\/wp\/v2\/users\/1"}],"replies":[{"embeddable":true,"href":"https:\/\/elaskreativecke.de\/index.php?rest_route=%2Fwp%2Fv2%2Fcomments&post=134"}],"version-history":[{"count":74,"href":"https:\/\/elaskreativecke.de\/index.php?rest_route=\/wp\/v2\/pages\/134\/revisions"}],"predecessor-version":[{"id":557,"href":"https:\/\/elaskreativecke.de\/index.php?rest_route=\/wp\/v2\/pages\/134\/revisions\/557"}],"wp:attachment":[{"href":"https:\/\/elaskreativecke.de\/index.php?rest_route=%2Fwp%2Fv2%2Fmedia&parent=134"}],"curies":[{"name":"wp","href":"https:\/\/api.w.org\/{rel}","templated":true}]}}